{"id":135,"date":"2020-02-05T22:46:47","date_gmt":"2020-02-05T22:46:47","guid":{"rendered":"http:\/\/gastro-service-pfister.com\/?page_id=135"},"modified":"2024-03-17T12:28:36","modified_gmt":"2024-03-17T12:28:36","slug":"impressum","status":"publish","type":"page","link":"https:\/\/gastro-service-pfister.de\/?page_id=135","title":{"rendered":"Impressum"},"content":{"rendered":"\n<p><strong>Gastro-Service Pfister GmbH<\/strong><br>Gastronomiebedarf \/ Lebensmittel-Gro\u00df- und Einzelhandel<br>M\u00fchlbogenstra\u00dfe 38<br>94469 Deggendorf<br><br>Tel.: +49 (0) 991 4290<br>Fax: +49 (0) 991 30900<br>E-Mail:<a href=\"mailto:info@gastro-service-pfister.de\"> info@gastro-service-pfister.de<\/a><\/p>\n\n\n\n<p><strong>Gesch\u00e4ftsf\u00fchrer: <\/strong>Norbert Pfister<br><strong><br>USt.-Id.-Nr.:<\/strong>  DE812936838 <br><strong>Registergericht:<\/strong> Amtsgericht Deggendorf; HRB 1956<\/p>\n\n\n\n<hr class=\"wp-block-separator has-alpha-channel-opacity\"\/>\n\n\n\n<p>Angaben gem\u00e4\u00df \u00a7 5 TMG:<\/p>\n\n<div class=\"woocommerce woocommerce-gzd woocommerce-gzd-complaints-shortcode\">\n\t<h3>Alternative Streitbeilegung gem\u00e4\u00df Art. 14 Abs. 1 ODR-VO und \u00a7 36 VSBG:<\/h3>\n\n<p>Die Europ\u00e4ische Kommission stellt eine Plattform zur Online-Streitbeilegung (OS) bereit, die du unter <a href=\"https:\/\/ec.europa.eu\/consumers\/odr\" target=\"_blank\">https:\/\/ec.europa.eu\/consumers\/odr<\/a> findest. Zur Teilnahme an einem Streitbeilegungsverfahren vor einer Verbraucherschlichtungsstelle sind wir nicht verpflichtet und nicht bereit.<\/p>\n<\/div>","protected":false},"excerpt":{"rendered":"<p>Gastro-Service Pfister GmbHGastronomiebedarf \/ Lebensmittel-Gro\u00df- und EinzelhandelM\u00fchlbogenstra\u00dfe 3894469 Deggendorf Tel.: +49 (0) 991 4290Fax: +49 (0) 991 30900E-Mail: info@gastro-service-pfister.de Gesch\u00e4ftsf\u00fchrer: Norbert PfisterUSt.-Id.-Nr.: DE812936838 Registergericht: Amtsgericht Deggendorf; HRB 1956 Angaben gem\u00e4\u00df \u00a7 5 TMG:<\/p>\n","protected":false},"author":1,"featured_media":0,"parent":285,"menu_order":0,"comment_status":"closed","ping_status":"closed","template":"","meta":{"footnotes":""},"jetpack_sharing_enabled":true,"_links":{"self":[{"href":"https:\/\/gastro-service-pfister.de\/index.php?rest_route=\/wp\/v2\/pages\/135"}],"collection":[{"href":"https:\/\/gastro-service-pfister.de\/index.php?rest_route=\/wp\/v2\/pages"}],"about":[{"href":"https:\/\/gastro-service-pfister.de\/index.php?rest_route=\/wp\/v2\/types\/page"}],"author":[{"embeddable":true,"href":"https:\/\/gastro-service-pfister.de\/index.php?rest_route=\/wp\/v2\/users\/1"}],"replies":[{"embeddable":true,"href":"https:\/\/gastro-service-pfister.de\/index.php?rest_route=%2Fwp%2Fv2%2Fcomments&post=135"}],"version-history":[{"count":11,"href":"https:\/\/gastro-service-pfister.de\/index.php?rest_route=\/wp\/v2\/pages\/135\/revisions"}],"predecessor-version":[{"id":713,"href":"https:\/\/gastro-service-pfister.de\/index.php?rest_route=\/wp\/v2\/pages\/135\/revisions\/713"}],"up":[{"embeddable":true,"href":"https:\/\/gastro-service-pfister.de\/index.php?rest_route=\/wp\/v2\/pages\/285"}],"wp:attachment":[{"href":"https:\/\/gastro-service-pfister.de\/index.php?rest_route=%2Fwp%2Fv2%2Fmedia&parent=135"}],"curies":[{"name":"wp","href":"https:\/\/api.w.org\/{rel}","templated":true}]}}