{"id":342,"date":"2024-02-11T17:36:31","date_gmt":"2024-02-11T17:36:31","guid":{"rendered":"https:\/\/gastro-service-pfister.de\/?page_id=342"},"modified":"2024-03-01T09:54:38","modified_gmt":"2024-03-01T09:54:38","slug":"kulanzruecknahme-bedingungen","status":"publish","type":"page","link":"https:\/\/gastro-service-pfister.de\/?page_id=342","title":{"rendered":"Kulanzr\u00fccknahme-Bedingungen"},"content":{"rendered":"\n<p>Nachfolgende Bedingungen f\u00fcr eine Kulanzr\u00fccknahme gelten f\u00fcr unsere Gro\u00df- und Einzelhandelskunden der Gastro-Service-Pfister GmbH.<\/p>\n\n\n\n<p class=\"has-dark-gray-color has-text-color has-link-color wp-elements-debb266b7af0fa3b81081aacdfa998f9\">F\u00fcr <strong>mangelfreie<\/strong> Produkte und Lieferungen gew\u00e4hrt die Gastro-Service-Pfister GmbH im Einzelfall ein kulanzm\u00e4\u00dfiges R\u00fcckgaberecht.<br>Der Kunde kann hieraus keinen generellen Anspruch herleiten; die Gastro-Service-Pfister GmbH beh\u00e4lt sich eine Ablehnung des kulanzm\u00e4\u00dfigen R\u00fcckgaberechtes vor.<\/p>\n\n\n\n<h5 class=\"wp-block-heading\"><strong><u>Kulanzr\u00fccknahme mit vorheriger Vereinbarung<\/u><\/strong><br><strong><u> = Ware auf Kommission:<\/u><\/strong><\/h5>\n\n\n\n<p>F\u00fcr Getr\u00e4nke, Weine und Spirituosen kann eine Kulanzr\u00fccknahme mit Gutschrift vereinbart werden.<\/p>\n\n\n\n<p>Das R\u00fcckgaberecht unterliegt folgenden Voraussetzungen:<\/p>\n\n\n\n<ul>\n<li>Die Ware ist originalverpackt, ist unbenutzt und befindet sich im aktuellen Produktsortiment.<\/li>\n\n\n\n<li>Die R\u00fcckgabe ist nur in kompletten Verpackungseinheiten m\u00f6glich (f\u00fcr Weine und Spirituosen -&gt; Flaschen, f\u00fcr sonstige Getr\u00e4nke -&gt; volle K\u00e4sten bzw. Kartons).<\/li>\n\n\n\n<li>Die Bedingungen zu R\u00fcckgabemenge und -termine wurde vorab, schriftlich mit der Gesch\u00e4ftsf\u00fchrung vereinbart<\/li>\n<\/ul>\n\n\n\n<p>Die R\u00fccksende- bzw. R\u00fccktransportkosten tr\u00e4gt der Kunde. Die Gastro-Service-Pfister GmbH belastet dem Kunden eine Bearbeitungsgeb\u00fchr f\u00fcr die Wiedereinlagerung in H\u00f6he von 10% des Nettowarenwertes, jedoch mindestens 10 Euro.<\/p>\n\n\n\n<h5 class=\"wp-block-heading\"><strong>Kulanzr\u00fccknahme ohne vorherige Vereinbarung:<\/strong><\/h5>\n\n\n\n<ul>\n<li>Die Warenr\u00fcckgabe wurde durch den Kunden angek\u00fcndigt und durch die Gastro-Service-Pfister GmbH freigegeben.<\/li>\n\n\n\n<li>Die Ware ist originalverpackt, ist unbenutzt und befindet sich im aktuellen Produktsortiment.<\/li>\n\n\n\n<li>Die Mindesthaltbarkeit der Ware muss mindestens noch 4 Wochen betragen.<\/li>\n\n\n\n<li>Die R\u00fcckgabe ist nur in kompletten Verpackungseinheiten m\u00f6glich.<\/li>\n\n\n\n<li>Der Warenbezug (ma\u00dfgeblich ist insoweit das Rechnungsdatum) fand innerhalb der letzten 5 Tage statt.<\/li>\n<\/ul>\n\n\n\n<p>Die R\u00fccksende- bzw. R\u00fccktransportkosten tr\u00e4gt der Kunde.<\/p>\n\n\n\n<p>Die Gastro-Service-Pfister GmbH belastet dem Kunden eine Bearbeitungsgeb\u00fchr f\u00fcr die Wiedereinlagerung in H\u00f6he von 10% des Nettowarenwertes zuz\u00fcglich geleisteter Skonto- und\/oder Bonuszahlungen, jedoch mindestens 10 Euro.<br><br><strong>Der Kunde erh\u00e4lt einen Gutschein.<\/strong><\/p>\n\n\n\n<p>Gutscheine sind nicht \u00fcbertragbar und werden nicht bar ausbezahlt (auch keine Restbetr\u00e4ge). Gutscheine gelten zwei Jahre.<br>Soll eine Gutschrift ausgestellt werden, ist dies vor dem Kauf gesondert zu vereinbaren.<\/p>\n","protected":false},"excerpt":{"rendered":"<p>Nachfolgende Bedingungen f\u00fcr eine Kulanzr\u00fccknahme gelten f\u00fcr unsere Gro\u00df- und Einzelhandelskunden der Gastro-Service-Pfister GmbH. F\u00fcr mangelfreie Produkte und Lieferungen gew\u00e4hrt die Gastro-Service-Pfister GmbH im Einzelfall ein kulanzm\u00e4\u00dfiges R\u00fcckgaberecht.Der Kunde kann hieraus keinen generellen Anspruch herleiten; die Gastro-Service-Pfister GmbH beh\u00e4lt sich eine Ablehnung des kulanzm\u00e4\u00dfigen R\u00fcckgaberechtes vor. Kulanzr\u00fccknahme mit vorheriger Vereinbarung = Ware auf Kommission: F\u00fcr &hellip; <a href=\"https:\/\/gastro-service-pfister.de\/?page_id=342\" class=\"more-link\"><span class=\"screen-reader-text\">\u201eKulanzr\u00fccknahme-Bedingungen\u201c<\/span> weiterlesen<\/a><\/p>\n","protected":false},"author":2,"featured_media":0,"parent":285,"menu_order":0,"comment_status":"closed","ping_status":"closed","template":"","meta":{"footnotes":""},"jetpack_sharing_enabled":true,"_links":{"self":[{"href":"https:\/\/gastro-service-pfister.de\/index.php?rest_route=\/wp\/v2\/pages\/342"}],"collection":[{"href":"https:\/\/gastro-service-pfister.de\/index.php?rest_route=\/wp\/v2\/pages"}],"about":[{"href":"https:\/\/gastro-service-pfister.de\/index.php?rest_route=\/wp\/v2\/types\/page"}],"author":[{"embeddable":true,"href":"https:\/\/gastro-service-pfister.de\/index.php?rest_route=\/wp\/v2\/users\/2"}],"replies":[{"embeddable":true,"href":"https:\/\/gastro-service-pfister.de\/index.php?rest_route=%2Fwp%2Fv2%2Fcomments&post=342"}],"version-history":[{"count":5,"href":"https:\/\/gastro-service-pfister.de\/index.php?rest_route=\/wp\/v2\/pages\/342\/revisions"}],"predecessor-version":[{"id":409,"href":"https:\/\/gastro-service-pfister.de\/index.php?rest_route=\/wp\/v2\/pages\/342\/revisions\/409"}],"up":[{"embeddable":true,"href":"https:\/\/gastro-service-pfister.de\/index.php?rest_route=\/wp\/v2\/pages\/285"}],"wp:attachment":[{"href":"https:\/\/gastro-service-pfister.de\/index.php?rest_route=%2Fwp%2Fv2%2Fmedia&parent=342"}],"curies":[{"name":"wp","href":"https:\/\/api.w.org\/{rel}","templated":true}]}}